{"id":16419,"date":"2026-04-02T23:33:10","date_gmt":"2026-04-02T21:33:10","guid":{"rendered":"https:\/\/www.mediziner-ball.de\/tm2026-tickets\/?post_type=product&#038;p=16419"},"modified":"2026-05-04T17:41:24","modified_gmt":"2026-05-04T15:41:24","slug":"zeugnisverleihung-abendessen-party","status":"publish","type":"product","link":"https:\/\/www.mediziner-ball.de\/tm2026-tickets\/produkt\/zeugnisverleihung-abendessen-party\/","title":{"rendered":"Zeugnisverleihung\/Abendessen\/Party"},"content":{"rendered":"<p><b>Location: <\/b>Paulaner am Nockherberg, Hochstra\u00dfe 77, 81541 M\u00fcnchen<\/p>\n<p><b>Einla\u00df <\/b>ab 14:15 Uhr<\/p>\n<p><b>Start<\/b> der Zeugnisverleihung: 15 Uhr<\/p>\n","protected":false},"excerpt":{"rendered":"<p>Location: Paulaner am Nockherberg, Hochstra\u00dfe 77, 81541 M\u00fcnchen Einla\u00df ab 14:15 Uhr Start der Zeugnisverleihung: 15 Uhr<\/p>\n","protected":false},"featured_media":493,"template":"","meta":[],"product_brand":[],"product_cat":[16],"product_tag":[],"class_list":{"0":"post-16419","1":"product","2":"type-product","3":"status-publish","4":"has-post-thumbnail","6":"product_cat-unkategorisiert","8":"first","9":"instock","10":"virtual","11":"purchasable","12":"product-type-simple"},"_links":{"self":[{"href":"https:\/\/www.mediziner-ball.de\/tm2026-tickets\/wp-json\/wp\/v2\/product\/16419","targetHints":{"allow":["GET"]}}],"collection":[{"href":"https:\/\/www.mediziner-ball.de\/tm2026-tickets\/wp-json\/wp\/v2\/product"}],"about":[{"href":"https:\/\/www.mediziner-ball.de\/tm2026-tickets\/wp-json\/wp\/v2\/types\/product"}],"wp:featuredmedia":[{"embeddable":true,"href":"https:\/\/www.mediziner-ball.de\/tm2026-tickets\/wp-json\/wp\/v2\/media\/493"}],"wp:attachment":[{"href":"https:\/\/www.mediziner-ball.de\/tm2026-tickets\/wp-json\/wp\/v2\/media?parent=16419"}],"wp:term":[{"taxonomy":"product_brand","embeddable":true,"href":"https:\/\/www.mediziner-ball.de\/tm2026-tickets\/wp-json\/wp\/v2\/product_brand?post=16419"},{"taxonomy":"product_cat","embeddable":true,"href":"https:\/\/www.mediziner-ball.de\/tm2026-tickets\/wp-json\/wp\/v2\/product_cat?post=16419"},{"taxonomy":"product_tag","embeddable":true,"href":"https:\/\/www.mediziner-ball.de\/tm2026-tickets\/wp-json\/wp\/v2\/product_tag?post=16419"}],"curies":[{"name":"wp","href":"https:\/\/api.w.org\/{rel}","templated":true}]}}